{"id":453,"date":"2025-03-20T15:37:28","date_gmt":"2025-03-20T15:37:28","guid":{"rendered":"http:\/\/steambraceproject.eu\/steamdigitalhub\/?page_id=453"},"modified":"2026-03-10T14:41:13","modified_gmt":"2026-03-10T14:41:13","slug":"home-si","status":"publish","type":"page","link":"https:\/\/steambraceproject.eu\/steamdigitalhub\/sl\/home-si\/","title":{"rendered":"HOME SI"},"content":{"rendered":"\t\t<div data-elementor-type=\"wp-page\" data-elementor-id=\"453\" class=\"elementor elementor-453\">\n\t\t\t\t\t\t<section class=\"elementor-section elementor-top-section elementor-element elementor-element-46f3f5be elementor-section-boxed elementor-section-height-default elementor-section-height-default wd-section-disabled\" data-id=\"46f3f5be\" data-element_type=\"section\" data-e-type=\"section\">\n\t\t\t\t\t\t<div class=\"elementor-container elementor-column-gap-default\">\n\t\t\t\t\t<div class=\"elementor-column elementor-col-25 elementor-top-column elementor-element elementor-element-55bddeda\" data-id=\"55bddeda\" data-element_type=\"column\" data-e-type=\"column\">\n\t\t\t<div class=\"elementor-widget-wrap elementor-element-populated\">\n\t\t\t\t\t\t<div class=\"elementor-element elementor-element-1d235bba elementor-widget elementor-widget-wd_title\" data-id=\"1d235bba\" data-element_type=\"widget\" data-e-type=\"widget\" data-widget_type=\"wd_title.default\">\n\t\t\t\t<div class=\"elementor-widget-container\">\n\t\t\t\t\t\t\t\t<link rel=\"stylesheet\" id=\"wd-section-title-css\" href=\"https:\/\/steambraceproject.eu\/steamdigitalhub\/wp-content\/themes\/woodmart\/css\/parts\/el-section-title.min.css?ver=7.0.4\" type=\"text\/css\" media=\"all\" \/> \t\t\t\t\t<div class=\"title-wrapper set-mb-s reset-last-child wd-title-color-default wd-title-style-default wd-title-size-default text-center\">\n\n\t\t\t\n\t\t\t<div class=\"liner-continer\">\n\t\t\t\t<h2 class=\"woodmart-title-container title wd-fontsize-l\">IZPRAZNJENO OBMO\u010cJE<\/h2> \n\t\t\t\t\t\t\t<\/div>\n\n\t\t\t\t\t<\/div>\n\t\t\t\t\t\t<\/div>\n\t\t\t\t<\/div>\n\t\t\t\t<div class=\"elementor-element elementor-element-611ebeeb text-center color-scheme-inherit elementor-widget elementor-widget-text-editor\" data-id=\"611ebeeb\" data-element_type=\"widget\" data-e-type=\"widget\" data-widget_type=\"text-editor.default\">\n\t\t\t\t<div class=\"elementor-widget-container\">\n\t\t\t\t\t\t\t\t\t<p>Priro\u010dniki, navodila, prenosi, scenariji navidezne resni\u010dnosti itd.<\/p>\t\t\t\t\t\t\t\t<\/div>\n\t\t\t\t<\/div>\n\t\t\t\t<div class=\"elementor-element elementor-element-3baee49a elementor-widget elementor-widget-wd_button\" data-id=\"3baee49a\" data-element_type=\"widget\" data-e-type=\"widget\" data-widget_type=\"wd_button.default\">\n\t\t\t\t<div class=\"elementor-widget-container\">\n\t\t\t\t\t\t\t<div class=\"wd-button-wrapper woodmart-button-wrapper text-center\" >\n\t\t\t<a class=\"btn btn-style-default btn-style-round btn-size-default btn-color-primary btn-icon-pos-right\"  href=\"https:\/\/steambraceproject.eu\/steamdigitalhub\/sl\/download-area-sl\/\">\n\t\t\t\t<span class=\"wd-btn-text\" data-elementor-setting-key=\"text\">\n\t\t\t\t\tDostop\t\t\t\t<\/span>\n\n\t\t\t\t\t\t\t<\/a>\n\t\t<\/div>\n\t\t\t\t\t\t<\/div>\n\t\t\t\t<\/div>\n\t\t\t\t\t<\/div>\n\t\t<\/div>\n\t\t\t\t<div class=\"elementor-column elementor-col-25 elementor-top-column elementor-element elementor-element-43157aed\" data-id=\"43157aed\" data-element_type=\"column\" data-e-type=\"column\">\n\t\t\t<div class=\"elementor-widget-wrap elementor-element-populated\">\n\t\t\t\t\t\t<div class=\"elementor-element elementor-element-bb5824c elementor-widget elementor-widget-wd_title\" data-id=\"bb5824c\" data-element_type=\"widget\" data-e-type=\"widget\" data-widget_type=\"wd_title.default\">\n\t\t\t\t<div class=\"elementor-widget-container\">\n\t\t\t\t\t\t\t<div class=\"title-wrapper set-mb-s reset-last-child wd-title-color-default wd-title-style-default wd-title-size-default text-center\">\n\n\t\t\t\n\t\t\t<div class=\"liner-continer\">\n\t\t\t\t<h2 class=\"woodmart-title-container title wd-fontsize-l\">POVE\u017dI SE<\/h2> \n\t\t\t\t\t\t\t<\/div>\n\n\t\t\t\t\t<\/div>\n\t\t\t\t\t\t<\/div>\n\t\t\t\t<\/div>\n\t\t\t\t<div class=\"elementor-element elementor-element-6c48cb54 text-center color-scheme-inherit elementor-widget elementor-widget-text-editor\" data-id=\"6c48cb54\" data-element_type=\"widget\" data-e-type=\"widget\" data-widget_type=\"text-editor.default\">\n\t\t\t\t<div class=\"elementor-widget-container\">\n\t\t\t\t\t\t\t\t\t<p>Zasebno obmo\u010dje za \u010dlane STEAM Alliance, ko bo projekt kon\u010dan.<\/p>\t\t\t\t\t\t\t\t<\/div>\n\t\t\t\t<\/div>\n\t\t\t\t<div class=\"elementor-element elementor-element-1cc1fdb6 elementor-widget elementor-widget-wd_button\" data-id=\"1cc1fdb6\" data-element_type=\"widget\" data-e-type=\"widget\" data-widget_type=\"wd_button.default\">\n\t\t\t\t<div class=\"elementor-widget-container\">\n\t\t\t\t\t\t\t<div class=\"wd-button-wrapper woodmart-button-wrapper text-center\" >\n\t\t\t<a class=\"btn btn-style-default btn-style-round btn-size-default btn-color-primary btn-icon-pos-right\"  href=\"http:\/\/steambraceproject.eu\/steamdigitalhub\/sl\/login-si\/\">\n\t\t\t\t<span class=\"wd-btn-text\" data-elementor-setting-key=\"text\">\n\t\t\t\t\tPOVE\u017dI SE \/ Moj ra\u010dun\t\t\t\t<\/span>\n\n\t\t\t\t\t\t\t<\/a>\n\t\t<\/div>\n\t\t\t\t\t\t<\/div>\n\t\t\t\t<\/div>\n\t\t\t\t\t<\/div>\n\t\t<\/div>\n\t\t\t\t<div class=\"elementor-column elementor-col-25 elementor-top-column elementor-element elementor-element-5d33c814\" data-id=\"5d33c814\" data-element_type=\"column\" data-e-type=\"column\">\n\t\t\t<div class=\"elementor-widget-wrap elementor-element-populated\">\n\t\t\t\t\t\t<div class=\"elementor-element elementor-element-1ffb60c elementor-widget elementor-widget-wd_title\" data-id=\"1ffb60c\" data-element_type=\"widget\" data-e-type=\"widget\" data-widget_type=\"wd_title.default\">\n\t\t\t\t<div class=\"elementor-widget-container\">\n\t\t\t\t\t\t\t<div class=\"title-wrapper set-mb-s reset-last-child wd-title-color-default wd-title-style-default wd-title-size-default text-center\">\n\n\t\t\t\n\t\t\t<div class=\"liner-continer\">\n\t\t\t\t<h2 class=\"woodmart-title-container title wd-fontsize-l\">UDELE\u017dENCI NA PODRO\u010cJU DVA<\/h2> \n\t\t\t\t\t\t\t<\/div>\n\n\t\t\t\t\t<\/div>\n\t\t\t\t\t\t<\/div>\n\t\t\t\t<\/div>\n\t\t\t\t<div class=\"elementor-element elementor-element-376c69ac text-center color-scheme-inherit elementor-widget elementor-widget-text-editor\" data-id=\"376c69ac\" data-element_type=\"widget\" data-e-type=\"widget\" data-widget_type=\"text-editor.default\">\n\t\t\t\t<div class=\"elementor-widget-container\">\n\t\t\t\t\t\t\t\t\t<p>Za tekmovanja STEAM, tedne STEAM, konference STEAM itd.<\/p>\t\t\t\t\t\t\t\t<\/div>\n\t\t\t\t<\/div>\n\t\t\t\t<div class=\"elementor-element elementor-element-71ef63c1 elementor-widget elementor-widget-wd_button\" data-id=\"71ef63c1\" data-element_type=\"widget\" data-e-type=\"widget\" data-widget_type=\"wd_button.default\">\n\t\t\t\t<div class=\"elementor-widget-container\">\n\t\t\t\t\t\t\t<div class=\"wd-button-wrapper woodmart-button-wrapper text-center\" >\n\t\t\t<a class=\"btn btn-style-default btn-style-round btn-size-default btn-color-primary btn-icon-pos-right\"  href=\"https:\/\/steambraceproject.eu\/steamdigitalhub\/sl\/participant-area-sl\/\">\n\t\t\t\t<span class=\"wd-btn-text\" data-elementor-setting-key=\"text\">\n\t\t\t\t\tDostop\t\t\t\t<\/span>\n\n\t\t\t\t\t\t\t<\/a>\n\t\t<\/div>\n\t\t\t\t\t\t<\/div>\n\t\t\t\t<\/div>\n\t\t\t\t\t<\/div>\n\t\t<\/div>\n\t\t\t\t<div class=\"elementor-column elementor-col-25 elementor-top-column elementor-element elementor-element-01211ce\" data-id=\"01211ce\" data-element_type=\"column\" data-e-type=\"column\">\n\t\t\t<div class=\"elementor-widget-wrap elementor-element-populated\">\n\t\t\t\t\t\t<div class=\"elementor-element elementor-element-d701e47 elementor-widget elementor-widget-wd_title\" data-id=\"d701e47\" data-element_type=\"widget\" data-e-type=\"widget\" data-widget_type=\"wd_title.default\">\n\t\t\t\t<div class=\"elementor-widget-container\">\n\t\t\t\t\t\t\t<div class=\"title-wrapper set-mb-s reset-last-child wd-title-color-default wd-title-style-default wd-title-size-default text-center\">\n\n\t\t\t\n\t\t\t<div class=\"liner-continer\">\n\t\t\t\t<h2 class=\"woodmart-title-container title wd-fontsize-l\">REGISTRIRAJTE SVOJO OPREMO<br \/>\n<\/h2> \n\t\t\t\t\t\t\t<\/div>\n\n\t\t\t\t\t<\/div>\n\t\t\t\t\t\t<\/div>\n\t\t\t\t<\/div>\n\t\t\t\t<div class=\"elementor-element elementor-element-b0998f7 text-center color-scheme-inherit elementor-widget elementor-widget-text-editor\" data-id=\"b0998f7\" data-element_type=\"widget\" data-e-type=\"widget\" data-widget_type=\"text-editor.default\">\n\t\t\t\t<div class=\"elementor-widget-container\">\n\t\t\t\t\t\t\t\t\t<p>Dostopajte do edine certifikacije STEAM na evropski ravni.<\/p>\t\t\t\t\t\t\t\t<\/div>\n\t\t\t\t<\/div>\n\t\t\t\t<div class=\"elementor-element elementor-element-6c3e1d5 elementor-widget elementor-widget-wd_button\" data-id=\"6c3e1d5\" data-element_type=\"widget\" data-e-type=\"widget\" data-widget_type=\"wd_button.default\">\n\t\t\t\t<div class=\"elementor-widget-container\">\n\t\t\t\t\t\t\t<div class=\"wd-button-wrapper woodmart-button-wrapper text-center\" >\n\t\t\t<a class=\"btn btn-style-default btn-style-round btn-size-default btn-color-primary btn-icon-pos-right\"  href=\"http:\/\/steambraceproject.eu\/steamdigitalhub\/sl\/obmocje-udelezencev-si\/\">\n\t\t\t\t<span class=\"wd-btn-text\" data-elementor-setting-key=\"text\">\n\t\t\t\t\tREGISTRIRAJ SE\t\t\t\t<\/span>\n\n\t\t\t\t\t\t\t<\/a>\n\t\t<\/div>\n\t\t\t\t\t\t<\/div>\n\t\t\t\t<\/div>\n\t\t\t\t\t<\/div>\n\t\t<\/div>\n\t\t\t\t\t<\/div>\n\t\t<\/section>\n\t\t\t\t<section class=\"elementor-section elementor-top-section elementor-element elementor-element-3cce8f69 elementor-section-boxed elementor-section-height-default elementor-section-height-default wd-section-disabled\" data-id=\"3cce8f69\" data-element_type=\"section\" data-e-type=\"section\">\n\t\t\t\t\t\t<div class=\"elementor-container elementor-column-gap-default\">\n\t\t\t\t\t<div class=\"elementor-column elementor-col-33 elementor-top-column elementor-element elementor-element-14302bd7\" data-id=\"14302bd7\" data-element_type=\"column\" data-e-type=\"column\">\n\t\t\t<div class=\"elementor-widget-wrap elementor-element-populated\">\n\t\t\t\t\t\t<div class=\"elementor-element elementor-element-12c520db elementor-widget elementor-widget-wd_title\" data-id=\"12c520db\" data-element_type=\"widget\" data-e-type=\"widget\" data-widget_type=\"wd_title.default\">\n\t\t\t\t<div class=\"elementor-widget-container\">\n\t\t\t\t\t\t\t<div class=\"title-wrapper set-mb-s reset-last-child wd-title-color-default wd-title-style-default wd-title-size-default text-center\">\n\n\t\t\t\n\t\t\t<div class=\"liner-continer\">\n\t\t\t\t<h2 class=\"woodmart-title-container title wd-fontsize-l\">OBMO\u010cJE ZA USPOSABLJANJE<\/h2> \n\t\t\t\t\t\t\t<\/div>\n\n\t\t\t\t\t<\/div>\n\t\t\t\t\t\t<\/div>\n\t\t\t\t<\/div>\n\t\t\t\t<div class=\"elementor-element elementor-element-2191d8ec text-center color-scheme-inherit elementor-widget elementor-widget-text-editor\" data-id=\"2191d8ec\" data-element_type=\"widget\" data-e-type=\"widget\" data-widget_type=\"text-editor.default\">\n\t\t\t\t<div class=\"elementor-widget-container\">\n\t\t\t\t\t\t\t\t\t<p>Vizualna gradiva in povezave do formalnih navodil, razdelek VR, razdelek teden STEAM.<\/p>\t\t\t\t\t\t\t\t<\/div>\n\t\t\t\t<\/div>\n\t\t\t\t<div class=\"elementor-element elementor-element-4ad5652d elementor-widget elementor-widget-wd_button\" data-id=\"4ad5652d\" data-element_type=\"widget\" data-e-type=\"widget\" data-widget_type=\"wd_button.default\">\n\t\t\t\t<div class=\"elementor-widget-container\">\n\t\t\t\t\t\t\t<div class=\"wd-button-wrapper woodmart-button-wrapper text-center\" >\n\t\t\t<a class=\"btn btn-style-default btn-style-round btn-size-default btn-color-primary btn-icon-pos-right\"  href=\"https:\/\/steambraceproject.eu\/steamdigitalhub\/sl\/training-area-sl\/\">\n\t\t\t\t<span class=\"wd-btn-text\" data-elementor-setting-key=\"text\">\n\t\t\t\t\tDostop\t\t\t\t<\/span>\n\n\t\t\t\t\t\t\t<\/a>\n\t\t<\/div>\n\t\t\t\t\t\t<\/div>\n\t\t\t\t<\/div>\n\t\t\t\t\t<\/div>\n\t\t<\/div>\n\t\t\t\t<div class=\"elementor-column elementor-col-33 elementor-top-column elementor-element elementor-element-1f8ba700\" data-id=\"1f8ba700\" data-element_type=\"column\" data-e-type=\"column\">\n\t\t\t<div class=\"elementor-widget-wrap elementor-element-populated\">\n\t\t\t\t\t\t<div class=\"elementor-element elementor-element-34acebbd elementor-widget elementor-widget-wd_title\" data-id=\"34acebbd\" data-element_type=\"widget\" data-e-type=\"widget\" data-widget_type=\"wd_title.default\">\n\t\t\t\t<div class=\"elementor-widget-container\">\n\t\t\t\t\t\t\t<div class=\"title-wrapper set-mb-s reset-last-child wd-title-color-default wd-title-style-default wd-title-size-default text-center\">\n\n\t\t\t\n\t\t\t<div class=\"liner-continer\">\n\t\t\t\t<h2 class=\"woodmart-title-container title wd-fontsize-l\">MENTORSKI PROSTOR<\/h2> \n\t\t\t\t\t\t\t<\/div>\n\n\t\t\t\t\t<\/div>\n\t\t\t\t\t\t<\/div>\n\t\t\t\t<\/div>\n\t\t\t\t<div class=\"elementor-element elementor-element-1b9363d6 text-center color-scheme-inherit elementor-widget elementor-widget-text-editor\" data-id=\"1b9363d6\" data-element_type=\"widget\" data-e-type=\"widget\" data-widget_type=\"text-editor.default\">\n\t\t\t\t<div class=\"elementor-widget-container\">\n\t\t\t\t\t\t\t\t\t<p>\u00bb\u017denske v STEM\u00ab (T6.2) in spletna stran projekta<\/p>\t\t\t\t\t\t\t\t<\/div>\n\t\t\t\t<\/div>\n\t\t\t\t<div class=\"elementor-element elementor-element-44eb90de elementor-widget elementor-widget-wd_button\" data-id=\"44eb90de\" data-element_type=\"widget\" data-e-type=\"widget\" data-widget_type=\"wd_button.default\">\n\t\t\t\t<div class=\"elementor-widget-container\">\n\t\t\t\t\t\t\t<div class=\"wd-button-wrapper woodmart-button-wrapper text-center\" >\n\t\t\t<a class=\"btn btn-style-default btn-style-round btn-size-default btn-color-primary btn-icon-pos-right\"  href=\"http:\/\/steambraceproject.eu\/steamdigitalhub\/sl\/mentorski-prostor-si\/\">\n\t\t\t\t<span class=\"wd-btn-text\" data-elementor-setting-key=\"text\">\n\t\t\t\t\tDostop\t\t\t\t<\/span>\n\n\t\t\t\t\t\t\t<\/a>\n\t\t<\/div>\n\t\t\t\t\t\t<\/div>\n\t\t\t\t<\/div>\n\t\t\t\t\t<\/div>\n\t\t<\/div>\n\t\t\t\t<div class=\"elementor-column elementor-col-33 elementor-top-column elementor-element elementor-element-1d8a399b\" data-id=\"1d8a399b\" data-element_type=\"column\" data-e-type=\"column\">\n\t\t\t<div class=\"elementor-widget-wrap elementor-element-populated\">\n\t\t\t\t\t\t<div class=\"elementor-element elementor-element-3976b1ff elementor-widget elementor-widget-wd_title\" data-id=\"3976b1ff\" data-element_type=\"widget\" data-e-type=\"widget\" data-widget_type=\"wd_title.default\">\n\t\t\t\t<div class=\"elementor-widget-container\">\n\t\t\t\t\t\t\t<div class=\"title-wrapper set-mb-s reset-last-child wd-title-color-default wd-title-style-default wd-title-size-default text-center\">\n\n\t\t\t\n\t\t\t<div class=\"liner-continer\">\n\t\t\t\t<h2 class=\"woodmart-title-container title wd-fontsize-l\">ETIKA<\/h2> \n\t\t\t\t\t\t\t<\/div>\n\n\t\t\t\t\t<\/div>\n\t\t\t\t\t\t<\/div>\n\t\t\t\t<\/div>\n\t\t\t\t<div class=\"elementor-element elementor-element-5f7a7b40 text-center color-scheme-inherit elementor-widget elementor-widget-text-editor\" data-id=\"5f7a7b40\" data-element_type=\"widget\" data-e-type=\"widget\" data-widget_type=\"text-editor.default\">\n\t\t\t\t<div class=\"elementor-widget-container\">\n\t\t\t\t\t\t\t\t\t<p>GDPR, dostop in sledljivost. Izogiba se interakciji med mladoletniki in neznanci, preverjanje v dveh korakih<\/p>\t\t\t\t\t\t\t\t<\/div>\n\t\t\t\t<\/div>\n\t\t\t\t<div class=\"elementor-element elementor-element-45b480cd elementor-widget elementor-widget-wd_button\" data-id=\"45b480cd\" data-element_type=\"widget\" data-e-type=\"widget\" data-widget_type=\"wd_button.default\">\n\t\t\t\t<div class=\"elementor-widget-container\">\n\t\t\t\t\t\t\t<div class=\"wd-button-wrapper woodmart-button-wrapper text-center\" >\n\t\t\t<a class=\"btn btn-style-default btn-style-round btn-size-default btn-color-primary btn-icon-pos-right\"  href=\"http:\/\/steambraceproject.eu\/steamdigitalhub\/sl\/etika-si\/\">\n\t\t\t\t<span class=\"wd-btn-text\" data-elementor-setting-key=\"text\">\n\t\t\t\t\tDostop\t\t\t\t<\/span>\n\n\t\t\t\t\t\t\t<\/a>\n\t\t<\/div>\n\t\t\t\t\t\t<\/div>\n\t\t\t\t<\/div>\n\t\t\t\t\t<\/div>\n\t\t<\/div>\n\t\t\t\t\t<\/div>\n\t\t<\/section>\n\t\t\t\t<\/div>\n\t\t","protected":false},"excerpt":{"rendered":"<p>IZPRAZNJENO OBMO\u010cJE Priro\u010dniki, navodila, prenosi, scenariji navidezne resni\u010dnosti itd. Dostop POVE\u017dI SE Zasebno obmo\u010dje za \u010dlane STEAM Alliance, ko bo<\/p>\n","protected":false},"author":1,"featured_media":0,"parent":0,"menu_order":0,"comment_status":"closed","ping_status":"closed","template":"","meta":{"footnotes":""},"class_list":["post-453","page","type-page","status-publish","hentry"],"yoast_head":"<!-- This site is optimized with the Yoast SEO Premium plugin v20.7 (Yoast SEO v27.1.1) - https:\/\/yoast.com\/product\/yoast-seo-premium-wordpress\/ -->\n<title>HOME SI - STEAM Digital HUB<\/title>\n<meta name=\"robots\" content=\"index, follow, max-snippet:-1, max-image-preview:large, max-video-preview:-1\" \/>\n<link rel=\"canonical\" href=\"https:\/\/steambraceproject.eu\/steamdigitalhub\/sl\/home-si\/\" \/>\n<meta property=\"og:locale\" content=\"es_ES\" \/>\n<meta property=\"og:type\" content=\"article\" \/>\n<meta property=\"og:title\" content=\"HOME SI\" \/>\n<meta property=\"og:description\" content=\"IZPRAZNJENO OBMO\u010cJE Priro\u010dniki, navodila, prenosi, scenariji navidezne resni\u010dnosti itd. Dostop POVE\u017dI SE Zasebno obmo\u010dje za \u010dlane STEAM Alliance, ko bo\" \/>\n<meta property=\"og:url\" content=\"https:\/\/steambraceproject.eu\/steamdigitalhub\/sl\/home-si\/\" \/>\n<meta property=\"og:site_name\" content=\"STEAM Digital HUB\" \/>\n<meta property=\"article:modified_time\" content=\"2026-03-10T14:41:13+00:00\" \/>\n<meta name=\"twitter:card\" content=\"summary_large_image\" \/>\n<meta name=\"twitter:label1\" content=\"Tiempo de lectura\" \/>\n\t<meta name=\"twitter:data1\" content=\"1 minuto\" \/>\n<script type=\"application\/ld+json\" class=\"yoast-schema-graph\">{\"@context\":\"https:\/\/schema.org\",\"@graph\":[{\"@type\":\"WebPage\",\"@id\":\"https:\/\/steambraceproject.eu\/steamdigitalhub\/sl\/home-si\/\",\"url\":\"https:\/\/steambraceproject.eu\/steamdigitalhub\/sl\/home-si\/\",\"name\":\"HOME SI - STEAM Digital HUB\",\"isPartOf\":{\"@id\":\"https:\/\/steambraceproject.eu\/steamdigitalhub\/#website\"},\"datePublished\":\"2025-03-20T15:37:28+00:00\",\"dateModified\":\"2026-03-10T14:41:13+00:00\",\"breadcrumb\":{\"@id\":\"https:\/\/steambraceproject.eu\/steamdigitalhub\/sl\/home-si\/#breadcrumb\"},\"inLanguage\":\"es\",\"potentialAction\":[{\"@type\":\"ReadAction\",\"target\":[\"https:\/\/steambraceproject.eu\/steamdigitalhub\/sl\/home-si\/\"]}]},{\"@type\":\"BreadcrumbList\",\"@id\":\"https:\/\/steambraceproject.eu\/steamdigitalhub\/sl\/home-si\/#breadcrumb\",\"itemListElement\":[{\"@type\":\"ListItem\",\"position\":1,\"name\":\"Home\",\"item\":\"https:\/\/steambraceproject.eu\/steamdigitalhub\/en\/home\/\"},{\"@type\":\"ListItem\",\"position\":2,\"name\":\"HOME SI\"}]},{\"@type\":\"WebSite\",\"@id\":\"https:\/\/steambraceproject.eu\/steamdigitalhub\/#website\",\"url\":\"https:\/\/steambraceproject.eu\/steamdigitalhub\/\",\"name\":\"STEAM Digital HUB\",\"description\":\"\",\"potentialAction\":[{\"@type\":\"SearchAction\",\"target\":{\"@type\":\"EntryPoint\",\"urlTemplate\":\"https:\/\/steambraceproject.eu\/steamdigitalhub\/?s={search_term_string}\"},\"query-input\":{\"@type\":\"PropertyValueSpecification\",\"valueRequired\":true,\"valueName\":\"search_term_string\"}}],\"inLanguage\":\"es\"}]}<\/script>\n<!-- \/ Yoast SEO Premium plugin. -->","yoast_head_json":{"title":"HOME SI - STEAM Digital HUB","robots":{"index":"index","follow":"follow","max-snippet":"max-snippet:-1","max-image-preview":"max-image-preview:large","max-video-preview":"max-video-preview:-1"},"canonical":"https:\/\/steambraceproject.eu\/steamdigitalhub\/sl\/home-si\/","og_locale":"es_ES","og_type":"article","og_title":"HOME SI","og_description":"IZPRAZNJENO OBMO\u010cJE Priro\u010dniki, navodila, prenosi, scenariji navidezne resni\u010dnosti itd. Dostop POVE\u017dI SE Zasebno obmo\u010dje za \u010dlane STEAM Alliance, ko bo","og_url":"https:\/\/steambraceproject.eu\/steamdigitalhub\/sl\/home-si\/","og_site_name":"STEAM Digital HUB","article_modified_time":"2026-03-10T14:41:13+00:00","twitter_card":"summary_large_image","twitter_misc":{"Tiempo de lectura":"1 minuto"},"schema":{"@context":"https:\/\/schema.org","@graph":[{"@type":"WebPage","@id":"https:\/\/steambraceproject.eu\/steamdigitalhub\/sl\/home-si\/","url":"https:\/\/steambraceproject.eu\/steamdigitalhub\/sl\/home-si\/","name":"HOME SI - STEAM Digital HUB","isPartOf":{"@id":"https:\/\/steambraceproject.eu\/steamdigitalhub\/#website"},"datePublished":"2025-03-20T15:37:28+00:00","dateModified":"2026-03-10T14:41:13+00:00","breadcrumb":{"@id":"https:\/\/steambraceproject.eu\/steamdigitalhub\/sl\/home-si\/#breadcrumb"},"inLanguage":"es","potentialAction":[{"@type":"ReadAction","target":["https:\/\/steambraceproject.eu\/steamdigitalhub\/sl\/home-si\/"]}]},{"@type":"BreadcrumbList","@id":"https:\/\/steambraceproject.eu\/steamdigitalhub\/sl\/home-si\/#breadcrumb","itemListElement":[{"@type":"ListItem","position":1,"name":"Home","item":"https:\/\/steambraceproject.eu\/steamdigitalhub\/en\/home\/"},{"@type":"ListItem","position":2,"name":"HOME SI"}]},{"@type":"WebSite","@id":"https:\/\/steambraceproject.eu\/steamdigitalhub\/#website","url":"https:\/\/steambraceproject.eu\/steamdigitalhub\/","name":"STEAM Digital HUB","description":"","potentialAction":[{"@type":"SearchAction","target":{"@type":"EntryPoint","urlTemplate":"https:\/\/steambraceproject.eu\/steamdigitalhub\/?s={search_term_string}"},"query-input":{"@type":"PropertyValueSpecification","valueRequired":true,"valueName":"search_term_string"}}],"inLanguage":"es"}]}},"_links":{"self":[{"href":"https:\/\/steambraceproject.eu\/steamdigitalhub\/wp-json\/wp\/v2\/pages\/453","targetHints":{"allow":["GET"]}}],"collection":[{"href":"https:\/\/steambraceproject.eu\/steamdigitalhub\/wp-json\/wp\/v2\/pages"}],"about":[{"href":"https:\/\/steambraceproject.eu\/steamdigitalhub\/wp-json\/wp\/v2\/types\/page"}],"author":[{"embeddable":true,"href":"https:\/\/steambraceproject.eu\/steamdigitalhub\/wp-json\/wp\/v2\/users\/1"}],"replies":[{"embeddable":true,"href":"https:\/\/steambraceproject.eu\/steamdigitalhub\/wp-json\/wp\/v2\/comments?post=453"}],"version-history":[{"count":28,"href":"https:\/\/steambraceproject.eu\/steamdigitalhub\/wp-json\/wp\/v2\/pages\/453\/revisions"}],"predecessor-version":[{"id":1201,"href":"https:\/\/steambraceproject.eu\/steamdigitalhub\/wp-json\/wp\/v2\/pages\/453\/revisions\/1201"}],"wp:attachment":[{"href":"https:\/\/steambraceproject.eu\/steamdigitalhub\/wp-json\/wp\/v2\/media?parent=453"}],"curies":[{"name":"wp","href":"https:\/\/api.w.org\/{rel}","templated":true}]}}