{"id":458,"date":"2025-03-20T15:40:26","date_gmt":"2025-03-20T15:40:26","guid":{"rendered":"http:\/\/steambraceproject.eu\/steamdigitalhub\/?page_id=458"},"modified":"2026-03-10T14:58:29","modified_gmt":"2026-03-10T14:58:29","slug":"home-ro","status":"publish","type":"page","link":"https:\/\/steambraceproject.eu\/steamdigitalhub\/ro\/home-ro\/","title":{"rendered":"HOME RO"},"content":{"rendered":"\t\t<div data-elementor-type=\"wp-page\" data-elementor-id=\"458\" class=\"elementor elementor-458\">\n\t\t\t\t\t\t<section class=\"elementor-section elementor-top-section elementor-element elementor-element-46f3f5be elementor-section-boxed elementor-section-height-default elementor-section-height-default wd-section-disabled\" data-id=\"46f3f5be\" data-element_type=\"section\" data-e-type=\"section\">\n\t\t\t\t\t\t<div class=\"elementor-container elementor-column-gap-default\">\n\t\t\t\t\t<div class=\"elementor-column elementor-col-25 elementor-top-column elementor-element elementor-element-55bddeda\" data-id=\"55bddeda\" data-element_type=\"column\" data-e-type=\"column\">\n\t\t\t<div class=\"elementor-widget-wrap elementor-element-populated\">\n\t\t\t\t\t\t<div class=\"elementor-element elementor-element-1d235bba elementor-widget elementor-widget-wd_title\" data-id=\"1d235bba\" data-element_type=\"widget\" data-e-type=\"widget\" data-widget_type=\"wd_title.default\">\n\t\t\t\t<div class=\"elementor-widget-container\">\n\t\t\t\t\t\t\t\t<link rel=\"stylesheet\" id=\"wd-section-title-css\" href=\"https:\/\/steambraceproject.eu\/steamdigitalhub\/wp-content\/themes\/woodmart\/css\/parts\/el-section-title.min.css?ver=7.0.4\" type=\"text\/css\" media=\"all\" \/> \t\t\t\t\t<div class=\"title-wrapper set-mb-s reset-last-child wd-title-color-default wd-title-style-default wd-title-size-default text-center\">\n\n\t\t\t\n\t\t\t<div class=\"liner-continer\">\n\t\t\t\t<h2 class=\"woodmart-title-container title wd-fontsize-l\">ZONA GOL\u0102<\/h2> \n\t\t\t\t\t\t\t<\/div>\n\n\t\t\t\t\t<\/div>\n\t\t\t\t\t\t<\/div>\n\t\t\t\t<\/div>\n\t\t\t\t<div class=\"elementor-element elementor-element-611ebeeb text-center color-scheme-inherit elementor-widget elementor-widget-text-editor\" data-id=\"611ebeeb\" data-element_type=\"widget\" data-e-type=\"widget\" data-widget_type=\"text-editor.default\">\n\t\t\t\t<div class=\"elementor-widget-container\">\n\t\t\t\t\t\t\t\t\t<p>Manuale, instruc\u021biuni, desc\u0103rc\u0103ri, scenarii de realitate virtual\u0103 etc.<\/p>\t\t\t\t\t\t\t\t<\/div>\n\t\t\t\t<\/div>\n\t\t\t\t<div class=\"elementor-element elementor-element-3baee49a elementor-widget elementor-widget-wd_button\" data-id=\"3baee49a\" data-element_type=\"widget\" data-e-type=\"widget\" data-widget_type=\"wd_button.default\">\n\t\t\t\t<div class=\"elementor-widget-container\">\n\t\t\t\t\t\t\t<div class=\"wd-button-wrapper woodmart-button-wrapper text-center\" >\n\t\t\t<a class=\"btn btn-style-default btn-style-round btn-size-default btn-color-primary btn-icon-pos-right\"  href=\"https:\/\/steambraceproject.eu\/steamdigitalhub\/ro\/download-area-ro\/\">\n\t\t\t\t<span class=\"wd-btn-text\" data-elementor-setting-key=\"text\">\n\t\t\t\t\tAcces\t\t\t\t<\/span>\n\n\t\t\t\t\t\t\t<\/a>\n\t\t<\/div>\n\t\t\t\t\t\t<\/div>\n\t\t\t\t<\/div>\n\t\t\t\t\t<\/div>\n\t\t<\/div>\n\t\t\t\t<div class=\"elementor-column elementor-col-25 elementor-top-column elementor-element elementor-element-43157aed\" data-id=\"43157aed\" data-element_type=\"column\" data-e-type=\"column\">\n\t\t\t<div class=\"elementor-widget-wrap elementor-element-populated\">\n\t\t\t\t\t\t<div class=\"elementor-element elementor-element-bb5824c elementor-widget elementor-widget-wd_title\" data-id=\"bb5824c\" data-element_type=\"widget\" data-e-type=\"widget\" data-widget_type=\"wd_title.default\">\n\t\t\t\t<div class=\"elementor-widget-container\">\n\t\t\t\t\t\t\t<div class=\"title-wrapper set-mb-s reset-last-child wd-title-color-default wd-title-style-default wd-title-size-default text-center\">\n\n\t\t\t\n\t\t\t<div class=\"liner-continer\">\n\t\t\t\t<h2 class=\"woodmart-title-container title wd-fontsize-l\">CONECTA\u021aI<\/h2> \n\t\t\t\t\t\t\t<\/div>\n\n\t\t\t\t\t<\/div>\n\t\t\t\t\t\t<\/div>\n\t\t\t\t<\/div>\n\t\t\t\t<div class=\"elementor-element elementor-element-6c48cb54 text-center color-scheme-inherit elementor-widget elementor-widget-text-editor\" data-id=\"6c48cb54\" data-element_type=\"widget\" data-e-type=\"widget\" data-widget_type=\"text-editor.default\">\n\t\t\t\t<div class=\"elementor-widget-container\">\n\t\t\t\t\t\t\t\t\t<p>O zon\u0103 privat\u0103 pentru membrii Alian\u021bei STEAM odat\u0103 ce proiectul este finalizat.<\/p>\t\t\t\t\t\t\t\t<\/div>\n\t\t\t\t<\/div>\n\t\t\t\t<div class=\"elementor-element elementor-element-1cc1fdb6 elementor-widget elementor-widget-wd_button\" data-id=\"1cc1fdb6\" data-element_type=\"widget\" data-e-type=\"widget\" data-widget_type=\"wd_button.default\">\n\t\t\t\t<div class=\"elementor-widget-container\">\n\t\t\t\t\t\t\t<div class=\"wd-button-wrapper woodmart-button-wrapper text-center\" >\n\t\t\t<a class=\"btn btn-style-default btn-style-round btn-size-default btn-color-primary btn-icon-pos-right\"  href=\"http:\/\/steambraceproject.eu\/steamdigitalhub\/ro\/login-ro\/\">\n\t\t\t\t<span class=\"wd-btn-text\" data-elementor-setting-key=\"text\">\n\t\t\t\t\tCONECTA\u021aI \/ Contul meu\t\t\t\t<\/span>\n\n\t\t\t\t\t\t\t<\/a>\n\t\t<\/div>\n\t\t\t\t\t\t<\/div>\n\t\t\t\t<\/div>\n\t\t\t\t\t<\/div>\n\t\t<\/div>\n\t\t\t\t<div class=\"elementor-column elementor-col-25 elementor-top-column elementor-element elementor-element-5d33c814\" data-id=\"5d33c814\" data-element_type=\"column\" data-e-type=\"column\">\n\t\t\t<div class=\"elementor-widget-wrap elementor-element-populated\">\n\t\t\t\t\t\t<div class=\"elementor-element elementor-element-1ffb60c elementor-widget elementor-widget-wd_title\" data-id=\"1ffb60c\" data-element_type=\"widget\" data-e-type=\"widget\" data-widget_type=\"wd_title.default\">\n\t\t\t\t<div class=\"elementor-widget-container\">\n\t\t\t\t\t\t\t<div class=\"title-wrapper set-mb-s reset-last-child wd-title-color-default wd-title-style-default wd-title-size-default text-center\">\n\n\t\t\t\n\t\t\t<div class=\"liner-continer\">\n\t\t\t\t<h2 class=\"woodmart-title-container title wd-fontsize-l\">PARTICIPAN\u021aI \u00ceN ZONA A DOUA<\/h2> \n\t\t\t\t\t\t\t<\/div>\n\n\t\t\t\t\t<\/div>\n\t\t\t\t\t\t<\/div>\n\t\t\t\t<\/div>\n\t\t\t\t<div class=\"elementor-element elementor-element-376c69ac text-center color-scheme-inherit elementor-widget elementor-widget-text-editor\" data-id=\"376c69ac\" data-element_type=\"widget\" data-e-type=\"widget\" data-widget_type=\"text-editor.default\">\n\t\t\t\t<div class=\"elementor-widget-container\">\n\t\t\t\t\t\t\t\t\t<p>Pentru competi\u021bii STEAM, s\u0103pt\u0103m\u00e2ni STEAM, conferin\u021be STEAM etc.<\/p>\t\t\t\t\t\t\t\t<\/div>\n\t\t\t\t<\/div>\n\t\t\t\t<div class=\"elementor-element elementor-element-71ef63c1 elementor-widget elementor-widget-wd_button\" data-id=\"71ef63c1\" data-element_type=\"widget\" data-e-type=\"widget\" data-widget_type=\"wd_button.default\">\n\t\t\t\t<div class=\"elementor-widget-container\">\n\t\t\t\t\t\t\t<div class=\"wd-button-wrapper woodmart-button-wrapper text-center\" >\n\t\t\t<a class=\"btn btn-style-default btn-style-round btn-size-default btn-color-primary btn-icon-pos-right\"  href=\"https:\/\/steambraceproject.eu\/steamdigitalhub\/ro\/participant-area-ro\/\">\n\t\t\t\t<span class=\"wd-btn-text\" data-elementor-setting-key=\"text\">\n\t\t\t\t\tAcces\t\t\t\t<\/span>\n\n\t\t\t\t\t\t\t<\/a>\n\t\t<\/div>\n\t\t\t\t\t\t<\/div>\n\t\t\t\t<\/div>\n\t\t\t\t\t<\/div>\n\t\t<\/div>\n\t\t\t\t<div class=\"elementor-column elementor-col-25 elementor-top-column elementor-element elementor-element-01fee49\" data-id=\"01fee49\" data-element_type=\"column\" data-e-type=\"column\">\n\t\t\t<div class=\"elementor-widget-wrap elementor-element-populated\">\n\t\t\t\t\t\t<div class=\"elementor-element elementor-element-88c4b44 elementor-widget elementor-widget-wd_title\" data-id=\"88c4b44\" data-element_type=\"widget\" data-e-type=\"widget\" data-widget_type=\"wd_title.default\">\n\t\t\t\t<div class=\"elementor-widget-container\">\n\t\t\t\t\t\t\t<div class=\"title-wrapper set-mb-s reset-last-child wd-title-color-default wd-title-style-default wd-title-size-default text-center\">\n\n\t\t\t\n\t\t\t<div class=\"liner-continer\">\n\t\t\t\t<h2 class=\"woodmart-title-container title wd-fontsize-l\">\u00ceNREGISTREAZ\u0102-\u021aI ECHIPAMENTELE<\/h2> \n\t\t\t\t\t\t\t<\/div>\n\n\t\t\t\t\t<\/div>\n\t\t\t\t\t\t<\/div>\n\t\t\t\t<\/div>\n\t\t\t\t<div class=\"elementor-element elementor-element-4531c88 text-center color-scheme-inherit elementor-widget elementor-widget-text-editor\" data-id=\"4531c88\" data-element_type=\"widget\" data-e-type=\"widget\" data-widget_type=\"text-editor.default\">\n\t\t\t\t<div class=\"elementor-widget-container\">\n\t\t\t\t\t\t\t\t\t<p>Ob\u021bine\u021bi singura certificare STEAM la nivel european.<\/p>\t\t\t\t\t\t\t\t<\/div>\n\t\t\t\t<\/div>\n\t\t\t\t<div class=\"elementor-element elementor-element-3a78cb0 elementor-widget elementor-widget-wd_button\" data-id=\"3a78cb0\" data-element_type=\"widget\" data-e-type=\"widget\" data-widget_type=\"wd_button.default\">\n\t\t\t\t<div class=\"elementor-widget-container\">\n\t\t\t\t\t\t\t<div class=\"wd-button-wrapper woodmart-button-wrapper text-center\" >\n\t\t\t<a class=\"btn btn-style-default btn-style-round btn-size-default btn-color-primary btn-icon-pos-right\"  href=\"http:\/\/steambraceproject.eu\/steamdigitalhub\/hr\/podrucje-sudionika-hr\/\">\n\t\t\t\t<span class=\"wd-btn-text\" data-elementor-setting-key=\"text\">\n\t\t\t\t\t\u00cenregistrare\t\t\t\t<\/span>\n\n\t\t\t\t\t\t\t<\/a>\n\t\t<\/div>\n\t\t\t\t\t\t<\/div>\n\t\t\t\t<\/div>\n\t\t\t\t\t<\/div>\n\t\t<\/div>\n\t\t\t\t\t<\/div>\n\t\t<\/section>\n\t\t\t\t<section class=\"elementor-section elementor-top-section elementor-element elementor-element-3cce8f69 elementor-section-boxed elementor-section-height-default elementor-section-height-default wd-section-disabled\" data-id=\"3cce8f69\" data-element_type=\"section\" data-e-type=\"section\">\n\t\t\t\t\t\t<div class=\"elementor-container elementor-column-gap-default\">\n\t\t\t\t\t<div class=\"elementor-column elementor-col-33 elementor-top-column elementor-element elementor-element-14302bd7\" data-id=\"14302bd7\" data-element_type=\"column\" data-e-type=\"column\">\n\t\t\t<div class=\"elementor-widget-wrap elementor-element-populated\">\n\t\t\t\t\t\t<div class=\"elementor-element elementor-element-12c520db elementor-widget elementor-widget-wd_title\" data-id=\"12c520db\" data-element_type=\"widget\" data-e-type=\"widget\" data-widget_type=\"wd_title.default\">\n\t\t\t\t<div class=\"elementor-widget-container\">\n\t\t\t\t\t\t\t<div class=\"title-wrapper set-mb-s reset-last-child wd-title-color-default wd-title-style-default wd-title-size-default text-center\">\n\n\t\t\t\n\t\t\t<div class=\"liner-continer\">\n\t\t\t\t<h2 class=\"woodmart-title-container title wd-fontsize-l\">ZONA DE ANTRENAMENT<\/h2> \n\t\t\t\t\t\t\t<\/div>\n\n\t\t\t\t\t<\/div>\n\t\t\t\t\t\t<\/div>\n\t\t\t\t<\/div>\n\t\t\t\t<div class=\"elementor-element elementor-element-2191d8ec text-center color-scheme-inherit elementor-widget elementor-widget-text-editor\" data-id=\"2191d8ec\" data-element_type=\"widget\" data-e-type=\"widget\" data-widget_type=\"text-editor.default\">\n\t\t\t\t<div class=\"elementor-widget-container\">\n\t\t\t\t\t\t\t\t\t<p>Materiale vizuale \u0219i link-uri c\u0103tre instruc\u021biuni formale, sec\u021biunea VR, sec\u021biunea s\u0103pt\u0103m\u00e2na STEAM.<\/p>\t\t\t\t\t\t\t\t<\/div>\n\t\t\t\t<\/div>\n\t\t\t\t<div class=\"elementor-element elementor-element-4ad5652d elementor-widget elementor-widget-wd_button\" data-id=\"4ad5652d\" data-element_type=\"widget\" data-e-type=\"widget\" data-widget_type=\"wd_button.default\">\n\t\t\t\t<div class=\"elementor-widget-container\">\n\t\t\t\t\t\t\t<div class=\"wd-button-wrapper woodmart-button-wrapper text-center\" >\n\t\t\t<a class=\"btn btn-style-default btn-style-round btn-size-default btn-color-primary btn-icon-pos-right\"  href=\"https:\/\/steambraceproject.eu\/steamdigitalhub\/ro\/training-area-ro\/\">\n\t\t\t\t<span class=\"wd-btn-text\" data-elementor-setting-key=\"text\">\n\t\t\t\t\tAcces\t\t\t\t<\/span>\n\n\t\t\t\t\t\t\t<\/a>\n\t\t<\/div>\n\t\t\t\t\t\t<\/div>\n\t\t\t\t<\/div>\n\t\t\t\t\t<\/div>\n\t\t<\/div>\n\t\t\t\t<div class=\"elementor-column elementor-col-33 elementor-top-column elementor-element elementor-element-1f8ba700\" data-id=\"1f8ba700\" data-element_type=\"column\" data-e-type=\"column\">\n\t\t\t<div class=\"elementor-widget-wrap elementor-element-populated\">\n\t\t\t\t\t\t<div class=\"elementor-element elementor-element-34acebbd elementor-widget elementor-widget-wd_title\" data-id=\"34acebbd\" data-element_type=\"widget\" data-e-type=\"widget\" data-widget_type=\"wd_title.default\">\n\t\t\t\t<div class=\"elementor-widget-container\">\n\t\t\t\t\t\t\t<div class=\"title-wrapper set-mb-s reset-last-child wd-title-color-default wd-title-style-default wd-title-size-default text-center\">\n\n\t\t\t\n\t\t\t<div class=\"liner-continer\">\n\t\t\t\t<h2 class=\"woodmart-title-container title wd-fontsize-l\">SPA\u021aIU DE MENTORAT<\/h2> \n\t\t\t\t\t\t\t<\/div>\n\n\t\t\t\t\t<\/div>\n\t\t\t\t\t\t<\/div>\n\t\t\t\t<\/div>\n\t\t\t\t<div class=\"elementor-element elementor-element-1b9363d6 text-center color-scheme-inherit elementor-widget elementor-widget-text-editor\" data-id=\"1b9363d6\" data-element_type=\"widget\" data-e-type=\"widget\" data-widget_type=\"text-editor.default\">\n\t\t\t\t<div class=\"elementor-widget-container\">\n\t\t\t\t\t\t\t\t\t<p>\u201eFemeile \u00een STEM\u201d (T6.2) \u0219i site-ul web al proiectului<\/p>\t\t\t\t\t\t\t\t<\/div>\n\t\t\t\t<\/div>\n\t\t\t\t<div class=\"elementor-element elementor-element-44eb90de elementor-widget elementor-widget-wd_button\" data-id=\"44eb90de\" data-element_type=\"widget\" data-e-type=\"widget\" data-widget_type=\"wd_button.default\">\n\t\t\t\t<div class=\"elementor-widget-container\">\n\t\t\t\t\t\t\t<div class=\"wd-button-wrapper woodmart-button-wrapper text-center\" >\n\t\t\t<a class=\"btn btn-style-default btn-style-round btn-size-default btn-color-primary btn-icon-pos-right\"  href=\"http:\/\/steambraceproject.eu\/steamdigitalhub\/ro\/zona-de-mentorat-ro\/\">\n\t\t\t\t<span class=\"wd-btn-text\" data-elementor-setting-key=\"text\">\n\t\t\t\t\tAcces\t\t\t\t<\/span>\n\n\t\t\t\t\t\t\t<\/a>\n\t\t<\/div>\n\t\t\t\t\t\t<\/div>\n\t\t\t\t<\/div>\n\t\t\t\t\t<\/div>\n\t\t<\/div>\n\t\t\t\t<div class=\"elementor-column elementor-col-33 elementor-top-column elementor-element elementor-element-1d8a399b\" data-id=\"1d8a399b\" data-element_type=\"column\" data-e-type=\"column\">\n\t\t\t<div class=\"elementor-widget-wrap elementor-element-populated\">\n\t\t\t\t\t\t<div class=\"elementor-element elementor-element-3976b1ff elementor-widget elementor-widget-wd_title\" data-id=\"3976b1ff\" data-element_type=\"widget\" data-e-type=\"widget\" data-widget_type=\"wd_title.default\">\n\t\t\t\t<div class=\"elementor-widget-container\">\n\t\t\t\t\t\t\t<div class=\"title-wrapper set-mb-s reset-last-child wd-title-color-default wd-title-style-default wd-title-size-default text-center\">\n\n\t\t\t\n\t\t\t<div class=\"liner-continer\">\n\t\t\t\t<h2 class=\"woodmart-title-container title wd-fontsize-l\">ETIC\u0102<\/h2> \n\t\t\t\t\t\t\t<\/div>\n\n\t\t\t\t\t<\/div>\n\t\t\t\t\t\t<\/div>\n\t\t\t\t<\/div>\n\t\t\t\t<div class=\"elementor-element elementor-element-5f7a7b40 text-center color-scheme-inherit elementor-widget elementor-widget-text-editor\" data-id=\"5f7a7b40\" data-element_type=\"widget\" data-e-type=\"widget\" data-widget_type=\"text-editor.default\">\n\t\t\t\t<div class=\"elementor-widget-container\">\n\t\t\t\t\t\t\t\t\t<p>GDPR, acces \u0219i trasabilitate. Evit\u0103 interac\u021biunea dintre minori \u0219i str\u0103ini, verificare \u00een doi pa\u0219i<\/p>\t\t\t\t\t\t\t\t<\/div>\n\t\t\t\t<\/div>\n\t\t\t\t<div class=\"elementor-element elementor-element-45b480cd elementor-widget elementor-widget-wd_button\" data-id=\"45b480cd\" data-element_type=\"widget\" data-e-type=\"widget\" data-widget_type=\"wd_button.default\">\n\t\t\t\t<div class=\"elementor-widget-container\">\n\t\t\t\t\t\t\t<div class=\"wd-button-wrapper woodmart-button-wrapper text-center\" >\n\t\t\t<a class=\"btn btn-style-default btn-style-round btn-size-default btn-color-primary btn-icon-pos-right\"  href=\"http:\/\/steambraceproject.eu\/steamdigitalhub\/ro\/etica-ro\/\">\n\t\t\t\t<span class=\"wd-btn-text\" data-elementor-setting-key=\"text\">\n\t\t\t\t\tAcces\t\t\t\t<\/span>\n\n\t\t\t\t\t\t\t<\/a>\n\t\t<\/div>\n\t\t\t\t\t\t<\/div>\n\t\t\t\t<\/div>\n\t\t\t\t\t<\/div>\n\t\t<\/div>\n\t\t\t\t\t<\/div>\n\t\t<\/section>\n\t\t\t\t<\/div>\n\t\t","protected":false},"excerpt":{"rendered":"<p>ZONA GOL\u0102 Manuale, instruc\u021biuni, desc\u0103rc\u0103ri, scenarii de realitate virtual\u0103 etc. Acces CONECTA\u021aI O zon\u0103 privat\u0103 pentru membrii Alian\u021bei STEAM odat\u0103<\/p>\n","protected":false},"author":1,"featured_media":0,"parent":0,"menu_order":0,"comment_status":"closed","ping_status":"closed","template":"","meta":{"footnotes":""},"class_list":["post-458","page","type-page","status-publish","hentry"],"yoast_head":"<!-- This site is optimized with the Yoast SEO Premium plugin v20.7 (Yoast SEO v27.1.1) - https:\/\/yoast.com\/product\/yoast-seo-premium-wordpress\/ -->\n<title>HOME RO - STEAM Digital HUB<\/title>\n<meta name=\"robots\" content=\"index, follow, max-snippet:-1, max-image-preview:large, max-video-preview:-1\" \/>\n<link rel=\"canonical\" href=\"https:\/\/steambraceproject.eu\/steamdigitalhub\/ro\/home-ro\/\" \/>\n<meta property=\"og:locale\" content=\"es_ES\" \/>\n<meta property=\"og:type\" content=\"article\" \/>\n<meta property=\"og:title\" content=\"HOME RO\" \/>\n<meta property=\"og:description\" content=\"ZONA GOL\u0102 Manuale, instruc\u021biuni, desc\u0103rc\u0103ri, scenarii de realitate virtual\u0103 etc. Acces CONECTA\u021aI O zon\u0103 privat\u0103 pentru membrii Alian\u021bei STEAM odat\u0103\" \/>\n<meta property=\"og:url\" content=\"https:\/\/steambraceproject.eu\/steamdigitalhub\/ro\/home-ro\/\" \/>\n<meta property=\"og:site_name\" content=\"STEAM Digital HUB\" \/>\n<meta property=\"article:modified_time\" content=\"2026-03-10T14:58:29+00:00\" \/>\n<meta name=\"twitter:card\" content=\"summary_large_image\" \/>\n<meta name=\"twitter:label1\" content=\"Tiempo de lectura\" \/>\n\t<meta name=\"twitter:data1\" content=\"1 minuto\" \/>\n<script type=\"application\/ld+json\" class=\"yoast-schema-graph\">{\"@context\":\"https:\/\/schema.org\",\"@graph\":[{\"@type\":\"WebPage\",\"@id\":\"https:\/\/steambraceproject.eu\/steamdigitalhub\/ro\/home-ro\/\",\"url\":\"https:\/\/steambraceproject.eu\/steamdigitalhub\/ro\/home-ro\/\",\"name\":\"HOME RO - STEAM Digital HUB\",\"isPartOf\":{\"@id\":\"https:\/\/steambraceproject.eu\/steamdigitalhub\/#website\"},\"datePublished\":\"2025-03-20T15:40:26+00:00\",\"dateModified\":\"2026-03-10T14:58:29+00:00\",\"breadcrumb\":{\"@id\":\"https:\/\/steambraceproject.eu\/steamdigitalhub\/ro\/home-ro\/#breadcrumb\"},\"inLanguage\":\"es\",\"potentialAction\":[{\"@type\":\"ReadAction\",\"target\":[\"https:\/\/steambraceproject.eu\/steamdigitalhub\/ro\/home-ro\/\"]}]},{\"@type\":\"BreadcrumbList\",\"@id\":\"https:\/\/steambraceproject.eu\/steamdigitalhub\/ro\/home-ro\/#breadcrumb\",\"itemListElement\":[{\"@type\":\"ListItem\",\"position\":1,\"name\":\"Home\",\"item\":\"https:\/\/steambraceproject.eu\/steamdigitalhub\/en\/home\/\"},{\"@type\":\"ListItem\",\"position\":2,\"name\":\"HOME RO\"}]},{\"@type\":\"WebSite\",\"@id\":\"https:\/\/steambraceproject.eu\/steamdigitalhub\/#website\",\"url\":\"https:\/\/steambraceproject.eu\/steamdigitalhub\/\",\"name\":\"STEAM Digital HUB\",\"description\":\"\",\"potentialAction\":[{\"@type\":\"SearchAction\",\"target\":{\"@type\":\"EntryPoint\",\"urlTemplate\":\"https:\/\/steambraceproject.eu\/steamdigitalhub\/?s={search_term_string}\"},\"query-input\":{\"@type\":\"PropertyValueSpecification\",\"valueRequired\":true,\"valueName\":\"search_term_string\"}}],\"inLanguage\":\"es\"}]}<\/script>\n<!-- \/ Yoast SEO Premium plugin. -->","yoast_head_json":{"title":"HOME RO - STEAM Digital HUB","robots":{"index":"index","follow":"follow","max-snippet":"max-snippet:-1","max-image-preview":"max-image-preview:large","max-video-preview":"max-video-preview:-1"},"canonical":"https:\/\/steambraceproject.eu\/steamdigitalhub\/ro\/home-ro\/","og_locale":"es_ES","og_type":"article","og_title":"HOME RO","og_description":"ZONA GOL\u0102 Manuale, instruc\u021biuni, desc\u0103rc\u0103ri, scenarii de realitate virtual\u0103 etc. Acces CONECTA\u021aI O zon\u0103 privat\u0103 pentru membrii Alian\u021bei STEAM odat\u0103","og_url":"https:\/\/steambraceproject.eu\/steamdigitalhub\/ro\/home-ro\/","og_site_name":"STEAM Digital HUB","article_modified_time":"2026-03-10T14:58:29+00:00","twitter_card":"summary_large_image","twitter_misc":{"Tiempo de lectura":"1 minuto"},"schema":{"@context":"https:\/\/schema.org","@graph":[{"@type":"WebPage","@id":"https:\/\/steambraceproject.eu\/steamdigitalhub\/ro\/home-ro\/","url":"https:\/\/steambraceproject.eu\/steamdigitalhub\/ro\/home-ro\/","name":"HOME RO - STEAM Digital HUB","isPartOf":{"@id":"https:\/\/steambraceproject.eu\/steamdigitalhub\/#website"},"datePublished":"2025-03-20T15:40:26+00:00","dateModified":"2026-03-10T14:58:29+00:00","breadcrumb":{"@id":"https:\/\/steambraceproject.eu\/steamdigitalhub\/ro\/home-ro\/#breadcrumb"},"inLanguage":"es","potentialAction":[{"@type":"ReadAction","target":["https:\/\/steambraceproject.eu\/steamdigitalhub\/ro\/home-ro\/"]}]},{"@type":"BreadcrumbList","@id":"https:\/\/steambraceproject.eu\/steamdigitalhub\/ro\/home-ro\/#breadcrumb","itemListElement":[{"@type":"ListItem","position":1,"name":"Home","item":"https:\/\/steambraceproject.eu\/steamdigitalhub\/en\/home\/"},{"@type":"ListItem","position":2,"name":"HOME RO"}]},{"@type":"WebSite","@id":"https:\/\/steambraceproject.eu\/steamdigitalhub\/#website","url":"https:\/\/steambraceproject.eu\/steamdigitalhub\/","name":"STEAM Digital HUB","description":"","potentialAction":[{"@type":"SearchAction","target":{"@type":"EntryPoint","urlTemplate":"https:\/\/steambraceproject.eu\/steamdigitalhub\/?s={search_term_string}"},"query-input":{"@type":"PropertyValueSpecification","valueRequired":true,"valueName":"search_term_string"}}],"inLanguage":"es"}]}},"_links":{"self":[{"href":"https:\/\/steambraceproject.eu\/steamdigitalhub\/wp-json\/wp\/v2\/pages\/458","targetHints":{"allow":["GET"]}}],"collection":[{"href":"https:\/\/steambraceproject.eu\/steamdigitalhub\/wp-json\/wp\/v2\/pages"}],"about":[{"href":"https:\/\/steambraceproject.eu\/steamdigitalhub\/wp-json\/wp\/v2\/types\/page"}],"author":[{"embeddable":true,"href":"https:\/\/steambraceproject.eu\/steamdigitalhub\/wp-json\/wp\/v2\/users\/1"}],"replies":[{"embeddable":true,"href":"https:\/\/steambraceproject.eu\/steamdigitalhub\/wp-json\/wp\/v2\/comments?post=458"}],"version-history":[{"count":25,"href":"https:\/\/steambraceproject.eu\/steamdigitalhub\/wp-json\/wp\/v2\/pages\/458\/revisions"}],"predecessor-version":[{"id":1224,"href":"https:\/\/steambraceproject.eu\/steamdigitalhub\/wp-json\/wp\/v2\/pages\/458\/revisions\/1224"}],"wp:attachment":[{"href":"https:\/\/steambraceproject.eu\/steamdigitalhub\/wp-json\/wp\/v2\/media?parent=458"}],"curies":[{"name":"wp","href":"https:\/\/api.w.org\/{rel}","templated":true}]}}